{"id":8,"date":"2025-01-08T16:02:49","date_gmt":"2025-01-08T16:02:49","guid":{"rendered":"http:\/\/rundstykker.com\/?page_id=8"},"modified":"2025-02-28T17:09:00","modified_gmt":"2025-02-28T17:09:00","slug":"home","status":"publish","type":"page","link":"http:\/\/rundstykker.com\/de\/","title":{"rendered":"Home"},"content":{"rendered":"\t\t<div data-elementor-type=\"wp-page\" data-elementor-id=\"8\" class=\"elementor elementor-8\">\n\t\t\t\t<div class=\"elementor-element elementor-element-7705783 e-flex e-con-boxed e-con e-parent\" data-id=\"7705783\" data-element_type=\"container\" data-e-type=\"container\">\n\t\t\t\t\t<div class=\"e-con-inner\">\n\t\t\t\t<div class=\"elementor-element elementor-element-4235a8d elementor-widget elementor-widget-heading\" data-id=\"4235a8d\" data-element_type=\"widget\" data-e-type=\"widget\" data-widget_type=\"heading.default\">\n\t\t\t\t<div class=\"elementor-widget-container\">\n\t\t\t\t\t<h2 class=\"elementor-heading-title elementor-size-default\"><a href=\"http:\/\/rundstykker.com\/besilling\/\">Leverer dine rundstykker lige til d\u00f8ren<\/a><\/h2>\t\t\t\t<\/div>\n\t\t\t\t<\/div>\n\t\t\t\t\t<\/div>\n\t\t\t\t<\/div>\n\t\t<div class=\"elementor-element elementor-element-9d5ae11 e-flex e-con-boxed e-con e-parent\" data-id=\"9d5ae11\" data-element_type=\"container\" data-e-type=\"container\">\n\t\t\t\t\t<div class=\"e-con-inner\">\n\t\t<div class=\"elementor-element elementor-element-8524389 e-con-full e-flex e-con e-child\" data-id=\"8524389\" data-element_type=\"container\" data-e-type=\"container\">\n\t\t\t\t<div class=\"elementor-element elementor-element-a2ef436 elementor-widget elementor-widget-image\" data-id=\"a2ef436\" data-element_type=\"widget\" data-e-type=\"widget\" data-widget_type=\"image.default\">\n\t\t\t\t<div class=\"elementor-widget-container\">\n\t\t\t\t\t\t\t\t\t\t\t\t\t\t\t<img fetchpriority=\"high\" decoding=\"async\" width=\"500\" height=\"500\" src=\"http:\/\/rundstykker.com\/wp-content\/uploads\/2025\/02\/Ueberschrift-hinzufuegen.png\" class=\"attachment-large size-large wp-image-140\" alt=\"\" srcset=\"http:\/\/rundstykker.com\/wp-content\/uploads\/2025\/02\/Ueberschrift-hinzufuegen.png 500w, http:\/\/rundstykker.com\/wp-content\/uploads\/2025\/02\/Ueberschrift-hinzufuegen-300x300.png 300w, http:\/\/rundstykker.com\/wp-content\/uploads\/2025\/02\/Ueberschrift-hinzufuegen-150x150.png 150w, http:\/\/rundstykker.com\/wp-content\/uploads\/2025\/02\/Ueberschrift-hinzufuegen-12x12.png 12w, http:\/\/rundstykker.com\/wp-content\/uploads\/2025\/02\/Ueberschrift-hinzufuegen-100x100.png 100w\" sizes=\"(max-width: 500px) 100vw, 500px\" \/>\t\t\t\t\t\t\t\t\t\t\t\t\t\t\t<\/div>\n\t\t\t\t<\/div>\n\t\t\t\t<\/div>\n\t\t<div class=\"elementor-element elementor-element-713ee6d e-con-full e-flex e-con e-child\" data-id=\"713ee6d\" data-element_type=\"container\" data-e-type=\"container\">\n\t\t<div class=\"elementor-element elementor-element-fe58441 e-con-full e-flex e-con e-child\" data-id=\"fe58441\" data-element_type=\"container\" data-e-type=\"container\">\n\t\t\t\t<div class=\"elementor-element elementor-element-a7c05bb elementor-widget elementor-widget-text-editor\" data-id=\"a7c05bb\" data-element_type=\"widget\" data-e-type=\"widget\" data-widget_type=\"text-editor.default\">\n\t\t\t\t<div class=\"elementor-widget-container\">\n\t\t\t\t\t\t\t\t\t<h2>Vi leverer hver <strong><em>weekend<\/em><\/strong> i Arrild<\/h2>\t\t\t\t\t\t\t\t<\/div>\n\t\t\t\t<\/div>\n\t\t\t\t<div class=\"elementor-element elementor-element-1e6a4c8 elementor-widget elementor-widget-text-editor\" data-id=\"1e6a4c8\" data-element_type=\"widget\" data-e-type=\"widget\" data-widget_type=\"text-editor.default\">\n\t\t\t\t<div class=\"elementor-widget-container\">\n\t\t\t\t\t\t\t\t\t<p><em><strong>Hvis du vil have Rundstykker men det regner udenfor, eller vejen til bagern er for langt? S\u00e5 er du helt rigtigt her, lave en bestilling og nyd Din MORGENMAD!<\/strong><\/em><\/p>\t\t\t\t\t\t\t\t<\/div>\n\t\t\t\t<\/div>\n\t\t\t\t<\/div>\n\t\t<div class=\"elementor-element elementor-element-b1e96c7 e-con-full e-flex e-con e-child\" data-id=\"b1e96c7\" data-element_type=\"container\" data-e-type=\"container\">\n\t\t\t\t<div class=\"elementor-element elementor-element-5d27a14 elementor-align-center elementor-widget elementor-widget-button\" data-id=\"5d27a14\" data-element_type=\"widget\" data-e-type=\"widget\" data-widget_type=\"button.default\">\n\t\t\t\t<div class=\"elementor-widget-container\">\n\t\t\t\t\t\t\t\t\t<div class=\"elementor-button-wrapper\">\n\t\t\t\t\t<a class=\"elementor-button elementor-button-link elementor-size-sm elementor-animation-grow\" href=\"http:\/\/rundstykker.com\/besilling\/\">\n\t\t\t\t\t\t<span class=\"elementor-button-content-wrapper\">\n\t\t\t\t\t\t\t\t\t<span class=\"elementor-button-text\">Bestille Her<\/span>\n\t\t\t\t\t<\/span>\n\t\t\t\t\t<\/a>\n\t\t\t\t<\/div>\n\t\t\t\t\t\t\t\t<\/div>\n\t\t\t\t<\/div>\n\t\t\t\t<\/div>\n\t\t\t\t<\/div>\n\t\t\t\t\t<\/div>\n\t\t\t\t<\/div>\n\t\t<div class=\"elementor-element elementor-element-3935d69 e-flex e-con-boxed e-con e-parent\" data-id=\"3935d69\" data-element_type=\"container\" data-e-type=\"container\" data-settings=\"{&quot;background_background&quot;:&quot;slideshow&quot;,&quot;background_slideshow_gallery&quot;:[{&quot;id&quot;:18,&quot;url&quot;:&quot;http:\\\/\\\/rundstykker.com\\\/wp-content\\\/uploads\\\/2025\\\/01\\\/breakfast-2130017_1280.jpg&quot;},{&quot;id&quot;:29,&quot;url&quot;:&quot;http:\\\/\\\/rundstykker.com\\\/wp-content\\\/uploads\\\/2025\\\/01\\\/breakfast-4234067_1280.jpg&quot;},{&quot;id&quot;:28,&quot;url&quot;:&quot;http:\\\/\\\/rundstykker.com\\\/wp-content\\\/uploads\\\/2025\\\/01\\\/bun-3286363_640.jpg&quot;}],&quot;background_slideshow_loop&quot;:&quot;yes&quot;,&quot;background_slideshow_slide_duration&quot;:5000,&quot;background_slideshow_slide_transition&quot;:&quot;fade&quot;,&quot;background_slideshow_transition_duration&quot;:500}\">\n\t\t\t\t\t<div class=\"e-con-inner\">\n\t\t<div class=\"elementor-element elementor-element-49da245 e-con-full e-flex e-con e-child\" data-id=\"49da245\" data-element_type=\"container\" data-e-type=\"container\">\n\t\t\t\t<\/div>\n\t\t<div class=\"elementor-element elementor-element-17d2d6c e-con-full e-flex e-con e-child\" data-id=\"17d2d6c\" data-element_type=\"container\" data-e-type=\"container\">\n\t\t\t\t<\/div>\n\t\t\t\t\t<\/div>\n\t\t\t\t<\/div>\n\t\t<div class=\"elementor-element elementor-element-280e9ea e-flex e-con-boxed e-con e-parent\" data-id=\"280e9ea\" data-element_type=\"container\" data-e-type=\"container\">\n\t\t\t\t\t<div class=\"e-con-inner\">\n\t\t<div class=\"elementor-element elementor-element-032bfb2 e-con-full e-flex e-con e-child\" data-id=\"032bfb2\" data-element_type=\"container\" data-e-type=\"container\">\n\t\t\t\t<div class=\"elementor-element elementor-element-1810a5b elementor-widget elementor-widget-heading\" data-id=\"1810a5b\" data-element_type=\"widget\" data-e-type=\"widget\" data-widget_type=\"heading.default\">\n\t\t\t\t<div class=\"elementor-widget-container\">\n\t\t\t\t\t<h2 class=\"elementor-heading-title elementor-size-default\">Om Os<\/h2>\t\t\t\t<\/div>\n\t\t\t\t<\/div>\n\t\t\t\t<div class=\"elementor-element elementor-element-a22d919 elementor-widget elementor-widget-text-editor\" data-id=\"a22d919\" data-element_type=\"widget\" data-e-type=\"widget\" data-widget_type=\"text-editor.default\">\n\t\t\t\t<div class=\"elementor-widget-container\">\n\t\t\t\t\t\t\t\t\t<h1>Leon\u2019s Rundstykker Express leverer friske rundstykker til d\u00f8ren for b\u00e5de lokale beboere og turister i Arrild ferieby. Vi str\u00e6ber efter at skabe en behagelig morgenstund for vores kunder ved at levere rundstykker s\u00f8ndag morgen og cykle ud til dem.<\/h1>\t\t\t\t\t\t\t\t<\/div>\n\t\t\t\t<\/div>\n\t\t\t\t<\/div>\n\t\t<div class=\"elementor-element elementor-element-87fc844 e-con-full e-flex e-con e-child\" data-id=\"87fc844\" data-element_type=\"container\" data-e-type=\"container\">\n\t\t\t\t<\/div>\n\t\t\t\t\t<\/div>\n\t\t\t\t<\/div>\n\t\t\t\t<\/div>\n\t\t","protected":false},"excerpt":{"rendered":"<p>Leverer dine rundstykker lige til d\u00f8ren Vi leverer hver weekend i Arrild Hvis du vil have Rundstykker men det regner udenfor, eller vejen til bagern er for langt? S\u00e5 er du helt rigtigt her, lave en bestilling og nyd Din MORGENMAD! Bestille Her Om Os Leon\u2019s Rundstykker Express leverer friske rundstykker til d\u00f8ren for b\u00e5de [&hellip;]<\/p>\n","protected":false},"author":2,"featured_media":0,"parent":0,"menu_order":0,"comment_status":"closed","ping_status":"closed","template":"","meta":{"footnotes":""},"class_list":["post-8","page","type-page","status-publish","hentry"],"_links":{"self":[{"href":"http:\/\/rundstykker.com\/de\/wp-json\/wp\/v2\/pages\/8","targetHints":{"allow":["GET"]}}],"collection":[{"href":"http:\/\/rundstykker.com\/de\/wp-json\/wp\/v2\/pages"}],"about":[{"href":"http:\/\/rundstykker.com\/de\/wp-json\/wp\/v2\/types\/page"}],"author":[{"embeddable":true,"href":"http:\/\/rundstykker.com\/de\/wp-json\/wp\/v2\/users\/2"}],"replies":[{"embeddable":true,"href":"http:\/\/rundstykker.com\/de\/wp-json\/wp\/v2\/comments?post=8"}],"version-history":[{"count":71,"href":"http:\/\/rundstykker.com\/de\/wp-json\/wp\/v2\/pages\/8\/revisions"}],"predecessor-version":[{"id":254,"href":"http:\/\/rundstykker.com\/de\/wp-json\/wp\/v2\/pages\/8\/revisions\/254"}],"wp:attachment":[{"href":"http:\/\/rundstykker.com\/de\/wp-json\/wp\/v2\/media?parent=8"}],"curies":[{"name":"wp","href":"https:\/\/api.w.org\/{rel}","templated":true}]}}